{"id":1179,"date":"2021-02-04T02:50:10","date_gmt":"2021-02-04T02:50:10","guid":{"rendered":"https:\/\/inovarmudancas.com.br\/index.php\/resource-2\/"},"modified":"2021-04-17T14:23:12","modified_gmt":"2021-04-17T17:23:12","slug":"dicas","status":"publish","type":"page","link":"https:\/\/inovarmudancas.com.br\/index.php\/dicas\/","title":{"rendered":"Dicas"},"content":{"rendered":"\t\t<div data-elementor-type=\"wp-page\" data-elementor-id=\"1179\" class=\"elementor elementor-1179\" data-elementor-settings=\"[]\">\n\t\t\t\t\t\t\t<div class=\"elementor-section-wrap\">\n\t\t\t\t\t\t\t<section class=\"elementor-section elementor-top-section elementor-element elementor-element-e86fa30 elementor-section-boxed elementor-section-height-default elementor-section-height-default\" data-id=\"e86fa30\" data-element_type=\"section\" data-settings=\"{&quot;background_background&quot;:&quot;classic&quot;}\">\n\t\t\t\t\t\t\t<div class=\"elementor-background-overlay\"><\/div>\n\t\t\t\t\t\t\t<div class=\"elementor-container elementor-column-gap-no\">\n\t\t\t\t\t<div class=\"elementor-column elementor-col-100 elementor-top-column elementor-element elementor-element-b9cda33\" data-id=\"b9cda33\" data-element_type=\"column\">\n\t\t\t<div class=\"elementor-widget-wrap elementor-element-populated\">\n\t\t\t\t\t\t\t\t<div class=\"elementor-element elementor-element-58d0d41 elementor-widget elementor-widget-heading\" data-id=\"58d0d41\" data-element_type=\"widget\" data-widget_type=\"heading.default\">\n\t\t\t\t<div class=\"elementor-widget-container\">\n\t\t\t<h1 class=\"elementor-heading-title elementor-size-default\">Dicas<\/h1>\t\t<\/div>\n\t\t\t\t<\/div>\n\t\t\t\t\t<\/div>\n\t\t<\/div>\n\t\t\t\t\t\t\t<\/div>\n\t\t<\/section>\n\t\t\t\t<section class=\"elementor-section elementor-top-section elementor-element elementor-element-c540576 elementor-section-boxed elementor-section-height-default elementor-section-height-default\" data-id=\"c540576\" data-element_type=\"section\" data-settings=\"{&quot;background_background&quot;:&quot;classic&quot;}\">\n\t\t\t\t\t\t<div class=\"elementor-container elementor-column-gap-no\">\n\t\t\t\t\t<div class=\"elementor-column elementor-col-50 elementor-top-column elementor-element elementor-element-929c567\" data-id=\"929c567\" data-element_type=\"column\">\n\t\t\t<div class=\"elementor-widget-wrap elementor-element-populated\">\n\t\t\t\t\t\t\t\t<div class=\"elementor-element elementor-element-813d8c4 elementor-widget-divider--view-line elementor-widget elementor-widget-divider\" data-id=\"813d8c4\" data-element_type=\"widget\" data-widget_type=\"divider.default\">\n\t\t\t\t<div class=\"elementor-widget-container\">\n\t\t\t\t\t<div class=\"elementor-divider\">\n\t\t\t<span class=\"elementor-divider-separator\">\n\t\t\t\t\t\t<\/span>\n\t\t<\/div>\n\t\t\t\t<\/div>\n\t\t\t\t<\/div>\n\t\t\t\t<div class=\"elementor-element elementor-element-b350094 elementor-widget elementor-widget-heading\" data-id=\"b350094\" data-element_type=\"widget\" data-widget_type=\"heading.default\">\n\t\t\t\t<div class=\"elementor-widget-container\">\n\t\t\t<h2 class=\"elementor-heading-title elementor-size-default\">Algumas Dicas Para Auxiliar em Sua Mudan\u00e7a<\/h2>\t\t<\/div>\n\t\t\t\t<\/div>\n\t\t\t\t\t<\/div>\n\t\t<\/div>\n\t\t\t\t<div class=\"elementor-column elementor-col-50 elementor-top-column elementor-element elementor-element-958edd3\" data-id=\"958edd3\" data-element_type=\"column\">\n\t\t\t<div class=\"elementor-widget-wrap elementor-element-populated\">\n\t\t\t\t\t\t\t\t<div class=\"elementor-element elementor-element-8a7cef4 elementor-widget elementor-widget-text-editor\" data-id=\"8a7cef4\" data-element_type=\"widget\" data-widget_type=\"text-editor.default\">\n\t\t\t\t<div class=\"elementor-widget-container\">\n\t\t\t\t\t<div class=\"elementor-text-editor elementor-clearfix\"><\/div>\n\t\t\t\t<\/div>\n\t\t\t\t<\/div>\n\t\t\t\t<div class=\"elementor-element elementor-element-b04bbf5 elementor-widget elementor-widget-text-editor\" data-id=\"b04bbf5\" data-element_type=\"widget\" data-widget_type=\"text-editor.default\">\n\t\t\t\t<div class=\"elementor-widget-container\">\n\t\t\t\t\t<div class=\"elementor-text-editor elementor-clearfix\"><p><a id=\"844\" tabindex=\"0\" role=\"button\" contenteditable=\"false\"><\/a>Primeiramente procure por <a id=\"215\" tabindex=\"0\" role=\"button\" contenteditable=\"false\"><\/a>empresa de profissionais que j\u00e1 fizeram servi\u00e7os parecidos <a id=\"502\" tabindex=\"0\" role=\"button\" contenteditable=\"false\"><\/a>com o que voc\u00ea precisa. Ao <a id=\"218\" tabindex=\"0\" title=\"\" role=\"button\" contenteditable=\"false\" data-original-title=\"\"><\/a>pedir o or\u00e7amento, o <a id=\"141\" tabindex=\"0\" role=\"button\" contenteditable=\"false\"><\/a>principal <a id=\"378\" class=\"text-changed\" tabindex=\"0\" title=\"\" role=\"button\" contenteditable=\"false\" data-original-title=\"\"><\/a>aten\u00e7\u00e3o \u00e9 <a id=\"52\" tabindex=\"0\" role=\"button\" contenteditable=\"false\"><\/a>dar o <a id=\"12299\" class=\"text-changed\" tabindex=\"0\" title=\"\" role=\"button\" contenteditable=\"false\" data-original-title=\"\"><\/a>supremo de detalhes <a id=\"36\" tabindex=\"0\" role=\"button\" contenteditable=\"false\"><\/a>poss\u00edvel sobre a sua <a id=\"4\" class=\"text-changed\" tabindex=\"0\" title=\"\" role=\"button\" contenteditable=\"false\" data-original-title=\"\"><\/a>imprescind\u00edvel. Voc\u00ea <a id=\"240\" tabindex=\"0\" role=\"button\" contenteditable=\"false\"><\/a>deve <a id=\"348\" tabindex=\"0\" role=\"button\" contenteditable=\"false\"><\/a>indicar a <a id=\"549\" tabindex=\"0\" role=\"button\" contenteditable=\"false\"><\/a>quantidade e <a id=\"4096\" tabindex=\"0\" role=\"button\" contenteditable=\"false\"><\/a>volume de <a id=\"8636\" tabindex=\"0\" title=\"\" role=\"button\" contenteditable=\"false\" data-original-title=\"\"><\/a>carga que deseja <a id=\"1905\" tabindex=\"0\" role=\"button\" contenteditable=\"false\"><\/a>transportar <a id=\"502\" tabindex=\"0\" role=\"button\" contenteditable=\"false\"><\/a>com o <a id=\"12299\" tabindex=\"0\" role=\"button\" contenteditable=\"false\"><\/a>m\u00e1ximo de <a id=\"59\" class=\"text-changed\" tabindex=\"0\" title=\"\" role=\"button\" contenteditable=\"false\" data-original-title=\"\"><\/a>esclarecimento <a id=\"36\" tabindex=\"0\" title=\"\" role=\"button\" contenteditable=\"false\" data-original-title=\"\"><\/a>poss\u00edvel. <a id=\"62\" tabindex=\"0\" role=\"button\" contenteditable=\"false\"><\/a>Al\u00e9m disso, j\u00e1 no or\u00e7amento <a id=\"240\" tabindex=\"0\" role=\"button\" contenteditable=\"false\"><\/a>deve <a id=\"106\" tabindex=\"0\" role=\"button\" contenteditable=\"false\"><\/a>passar o endere\u00e7o de retirada e de entrega.<\/p><\/div>\n\t\t\t\t<\/div>\n\t\t\t\t<\/div>\n\t\t\t\t\t<\/div>\n\t\t<\/div>\n\t\t\t\t\t\t\t<\/div>\n\t\t<\/section>\n\t\t\t\t<section class=\"elementor-section elementor-top-section elementor-element elementor-element-d6e64a5 elementor-section-boxed elementor-section-height-default elementor-section-height-default\" data-id=\"d6e64a5\" data-element_type=\"section\" data-settings=\"{&quot;background_background&quot;:&quot;classic&quot;}\">\n\t\t\t\t\t\t<div class=\"elementor-container elementor-column-gap-no\">\n\t\t\t\t\t<div class=\"elementor-column elementor-col-50 elementor-top-column elementor-element elementor-element-75b1742\" data-id=\"75b1742\" data-element_type=\"column\">\n\t\t\t<div class=\"elementor-widget-wrap elementor-element-populated\">\n\t\t\t\t\t\t\t\t<div class=\"elementor-element elementor-element-1d076d7 elementor-widget-divider--view-line elementor-widget elementor-widget-divider\" data-id=\"1d076d7\" data-element_type=\"widget\" data-widget_type=\"divider.default\">\n\t\t\t\t<div class=\"elementor-widget-container\">\n\t\t\t\t\t<div class=\"elementor-divider\">\n\t\t\t<span class=\"elementor-divider-separator\">\n\t\t\t\t\t\t<\/span>\n\t\t<\/div>\n\t\t\t\t<\/div>\n\t\t\t\t<\/div>\n\t\t\t\t<div class=\"elementor-element elementor-element-4d53f04 elementor-widget elementor-widget-heading\" data-id=\"4d53f04\" data-element_type=\"widget\" data-widget_type=\"heading.default\">\n\t\t\t\t<div class=\"elementor-widget-container\">\n\t\t\t<h2 class=\"elementor-heading-title elementor-size-default\">Blog<\/h2>\t\t<\/div>\n\t\t\t\t<\/div>\n\t\t\t\t<div class=\"elementor-element elementor-element-e042d76 elementor-widget elementor-widget-text-editor\" data-id=\"e042d76\" data-element_type=\"widget\" data-widget_type=\"text-editor.default\">\n\t\t\t\t<div class=\"elementor-widget-container\">\n\t\t\t\t\t<div class=\"elementor-text-editor elementor-clearfix\"><p>Veja nossas dicas para Fazer sua Mudan\u00e7a com mais tranquilidade<\/p><\/div>\n\t\t\t\t<\/div>\n\t\t\t\t<\/div>\n\t\t\t\t<div class=\"elementor-element elementor-element-ec4a328 elementor-align-left elementor-widget elementor-widget-button\" data-id=\"ec4a328\" data-element_type=\"widget\" data-widget_type=\"button.default\">\n\t\t\t\t<div class=\"elementor-widget-container\">\n\t\t\t\t\t<div class=\"elementor-button-wrapper\">\n\t\t\t<a href=\"#\" class=\"elementor-button-link elementor-button elementor-size-sm\" role=\"button\">\n\t\t\t\t\t\t<span class=\"elementor-button-content-wrapper\">\n\t\t\t\t\t\t<span class=\"elementor-button-icon elementor-align-icon-right\">\n\t\t\t\t<svg xmlns=\"http:\/\/www.w3.org\/2000\/svg\" viewBox=\"0 0 2048 2048\"><path d=\"M6.125 1088h1797.89l-402.976 403 89.994 90L2048 1024l-556.966-557-89.994 90 402.976 403H6.125v128z\"><\/path><\/svg>\t\t\t<\/span>\n\t\t\t\t\t\t<span class=\"elementor-button-text\">Dicas<\/span>\n\t\t<\/span>\n\t\t\t\t\t<\/a>\n\t\t<\/div>\n\t\t\t\t<\/div>\n\t\t\t\t<\/div>\n\t\t\t\t\t<\/div>\n\t\t<\/div>\n\t\t\t\t<div class=\"elementor-column elementor-col-50 elementor-top-column elementor-element elementor-element-ce23738\" data-id=\"ce23738\" data-element_type=\"column\">\n\t\t\t<div class=\"elementor-widget-wrap elementor-element-populated\">\n\t\t\t\t\t\t\t\t<div class=\"elementor-element elementor-element-82c82d4 elementor-position-left elementor-vertical-align-top elementor-widget elementor-widget-image-box\" data-id=\"82c82d4\" data-element_type=\"widget\" data-widget_type=\"image-box.default\">\n\t\t\t\t<div class=\"elementor-widget-container\">\n\t\t\t<div class=\"elementor-image-box-wrapper\"><figure class=\"elementor-image-box-img\"><img width=\"112\" height=\"112\" src=\"https:\/\/inovarmudancas.com.br\/wp-content\/uploads\/2021\/02\/digital-marketing-coach-template-blog-post-img-thumb-1-1.jpg\" class=\"attachment-full size-full\" alt=\"\" loading=\"lazy\" srcset=\"https:\/\/inovarmudancas.com.br\/wp-content\/uploads\/2021\/02\/digital-marketing-coach-template-blog-post-img-thumb-1-1.jpg 112w, https:\/\/inovarmudancas.com.br\/wp-content\/uploads\/2021\/02\/digital-marketing-coach-template-blog-post-img-thumb-1-1-100x100.jpg 100w\" sizes=\"(max-width: 112px) 100vw, 112px\" \/><\/figure><div class=\"elementor-image-box-content\"><h4 class=\"elementor-image-box-title\">Elit mattis platea rhoncus<\/h4><p class=\"elementor-image-box-description\">Id nullam massa morbi tellus ullamcorper dui mauris sed placerat at lacus lorem fringilla<\/p><\/div><\/div>\t\t<\/div>\n\t\t\t\t<\/div>\n\t\t\t\t<div class=\"elementor-element elementor-element-5f17742 elementor-position-left elementor-vertical-align-top elementor-widget elementor-widget-image-box\" data-id=\"5f17742\" data-element_type=\"widget\" data-widget_type=\"image-box.default\">\n\t\t\t\t<div class=\"elementor-widget-container\">\n\t\t\t<div class=\"elementor-image-box-wrapper\"><figure class=\"elementor-image-box-img\"><img width=\"112\" height=\"112\" src=\"https:\/\/inovarmudancas.com.br\/wp-content\/uploads\/2021\/02\/digital-marketing-coach-template-blog-post-img-thumb-2-1.jpg\" class=\"attachment-full size-full\" alt=\"\" loading=\"lazy\" srcset=\"https:\/\/inovarmudancas.com.br\/wp-content\/uploads\/2021\/02\/digital-marketing-coach-template-blog-post-img-thumb-2-1.jpg 112w, https:\/\/inovarmudancas.com.br\/wp-content\/uploads\/2021\/02\/digital-marketing-coach-template-blog-post-img-thumb-2-1-100x100.jpg 100w\" sizes=\"(max-width: 112px) 100vw, 112px\" \/><\/figure><div class=\"elementor-image-box-content\"><h4 class=\"elementor-image-box-title\">Nisl eleifend vulputate ultricies<\/h4><p class=\"elementor-image-box-description\">Id nullam massa morbi tellus ullamcorper dui mauris sed placerat at lacus lorem fringilla<\/p><\/div><\/div>\t\t<\/div>\n\t\t\t\t<\/div>\n\t\t\t\t<div class=\"elementor-element elementor-element-1050cd7 elementor-position-left elementor-vertical-align-top elementor-widget elementor-widget-image-box\" data-id=\"1050cd7\" data-element_type=\"widget\" data-widget_type=\"image-box.default\">\n\t\t\t\t<div class=\"elementor-widget-container\">\n\t\t\t<div class=\"elementor-image-box-wrapper\"><figure class=\"elementor-image-box-img\"><img width=\"112\" height=\"112\" src=\"https:\/\/inovarmudancas.com.br\/wp-content\/uploads\/2021\/02\/digital-marketing-coach-template-blog-post-img-thumb-3-1.jpg\" class=\"attachment-full size-full\" alt=\"\" loading=\"lazy\" srcset=\"https:\/\/inovarmudancas.com.br\/wp-content\/uploads\/2021\/02\/digital-marketing-coach-template-blog-post-img-thumb-3-1.jpg 112w, https:\/\/inovarmudancas.com.br\/wp-content\/uploads\/2021\/02\/digital-marketing-coach-template-blog-post-img-thumb-3-1-100x100.jpg 100w\" sizes=\"(max-width: 112px) 100vw, 112px\" \/><\/figure><div class=\"elementor-image-box-content\"><h4 class=\"elementor-image-box-title\">Porttitor quam dolor<\/h4><p class=\"elementor-image-box-description\">Id nullam massa morbi tellus ullamcorper dui mauris sed placerat at lacus lorem fringilla<\/p><\/div><\/div>\t\t<\/div>\n\t\t\t\t<\/div>\n\t\t\t\t\t<\/div>\n\t\t<\/div>\n\t\t\t\t\t\t\t<\/div>\n\t\t<\/section>\n\t\t\t\t\t\t<\/div>\n\t\t\t\t\t<\/div>\n\t\t","protected":false},"excerpt":{"rendered":"<p>Dicas Algumas Dicas Para Auxiliar em Sua Mudan\u00e7a Primeiramente procure por empresa de profissionais que j\u00e1 fizeram servi\u00e7os parecidos com o que voc\u00ea precisa. Ao pedir o or\u00e7amento, o principal aten\u00e7\u00e3o \u00e9 dar o supremo de detalhes poss\u00edvel sobre a sua imprescind\u00edvel. Voc\u00ea deve indicar a quantidade e volume de carga que deseja transportar com &hellip;<\/p>\n<p class=\"read-more\"> <a class=\"\" href=\"https:\/\/inovarmudancas.com.br\/index.php\/dicas\/\"> <span class=\"screen-reader-text\">Dicas<\/span> Read More &raquo;<\/a><\/p>\n","protected":false},"author":1,"featured_media":1266,"parent":0,"menu_order":0,"comment_status":"closed","ping_status":"closed","template":"","meta":{"om_disable_all_campaigns":false,"_monsterinsights_skip_tracking":false,"_monsterinsights_sitenote_active":false,"_monsterinsights_sitenote_note":"","_monsterinsights_sitenote_category":0},"yoast_head":"<!-- This site is optimized with the Yoast SEO plugin v16.1.1 - https:\/\/yoast.com\/wordpress\/plugins\/seo\/ -->\n<title>Dicas - Inovar Mudan\u00e7as Sorocaba<\/title>\n<meta name=\"description\" content=\"Nesta Pagina voc\u00ea encontra algumas dicas que ir\u00e3o facilitar em sua mudan\u00e7a em Sorocaba - Como Planejar sua mudan\u00e7a sem dor de cabe\u00e7a.\" \/>\n<link rel=\"canonical\" href=\"https:\/\/inovarmudancas.com.br\/index.php\/dicas\/\" \/>\n<meta property=\"og:locale\" content=\"en_US\" \/>\n<meta property=\"og:type\" content=\"article\" \/>\n<meta property=\"og:title\" content=\"Dicas - Inovar Mudan\u00e7as Sorocaba\" \/>\n<meta property=\"og:description\" content=\"Nesta Pagina voc\u00ea encontra algumas dicas que ir\u00e3o facilitar em sua mudan\u00e7a em Sorocaba - Como Planejar sua mudan\u00e7a sem dor de cabe\u00e7a.\" \/>\n<meta property=\"og:url\" content=\"https:\/\/inovarmudancas.com.br\/index.php\/dicas\/\" \/>\n<meta property=\"og:site_name\" content=\"Inovar Mudan\u00e7as Sorocaba\" \/>\n<meta property=\"article:modified_time\" content=\"2021-04-17T17:23:12+00:00\" \/>\n<meta property=\"og:image\" content=\"https:\/\/inovarmudancas.com.br\/wp-content\/uploads\/2021\/04\/Inovar-Mudancas-9.jpg\" \/>\n\t<meta property=\"og:image:width\" content=\"626\" \/>\n\t<meta property=\"og:image:height\" content=\"939\" \/>\n<meta name=\"twitter:card\" content=\"summary_large_image\" \/>\n<meta name=\"twitter:label1\" content=\"Est. reading time\">\n\t<meta name=\"twitter:data1\" content=\"2 minutes\">\n<script type=\"application\/ld+json\" class=\"yoast-schema-graph\">{\"@context\":\"https:\/\/schema.org\",\"@graph\":[{\"@type\":\"WebSite\",\"@id\":\"https:\/\/inovarmudancas.com.br\/#website\",\"url\":\"https:\/\/inovarmudancas.com.br\/\",\"name\":\"Inovar Mudan\\u00e7as Sorocaba\",\"description\":\"S\\u00f3 mais um site WordPress\",\"potentialAction\":[{\"@type\":\"SearchAction\",\"target\":\"https:\/\/inovarmudancas.com.br\/?s={search_term_string}\",\"query-input\":\"required name=search_term_string\"}],\"inLanguage\":\"en-US\"},{\"@type\":\"ImageObject\",\"@id\":\"https:\/\/inovarmudancas.com.br\/index.php\/dicas\/#primaryimage\",\"inLanguage\":\"en-US\",\"url\":\"https:\/\/inovarmudancas.com.br\/wp-content\/uploads\/2021\/04\/Inovar-Mudancas-9.jpg\",\"contentUrl\":\"https:\/\/inovarmudancas.com.br\/wp-content\/uploads\/2021\/04\/Inovar-Mudancas-9.jpg\",\"width\":626,\"height\":939,\"caption\":\"mudan\\u00e7as em sorocaba\"},{\"@type\":\"WebPage\",\"@id\":\"https:\/\/inovarmudancas.com.br\/index.php\/dicas\/#webpage\",\"url\":\"https:\/\/inovarmudancas.com.br\/index.php\/dicas\/\",\"name\":\"Dicas - Inovar Mudan\\u00e7as Sorocaba\",\"isPartOf\":{\"@id\":\"https:\/\/inovarmudancas.com.br\/#website\"},\"primaryImageOfPage\":{\"@id\":\"https:\/\/inovarmudancas.com.br\/index.php\/dicas\/#primaryimage\"},\"datePublished\":\"2021-02-04T02:50:10+00:00\",\"dateModified\":\"2021-04-17T17:23:12+00:00\",\"description\":\"Nesta Pagina voc\\u00ea encontra algumas dicas que ir\\u00e3o facilitar em sua mudan\\u00e7a em Sorocaba - Como Planejar sua mudan\\u00e7a sem dor de cabe\\u00e7a.\",\"breadcrumb\":{\"@id\":\"https:\/\/inovarmudancas.com.br\/index.php\/dicas\/#breadcrumb\"},\"inLanguage\":\"en-US\",\"potentialAction\":[{\"@type\":\"ReadAction\",\"target\":[\"https:\/\/inovarmudancas.com.br\/index.php\/dicas\/\"]}]},{\"@type\":\"BreadcrumbList\",\"@id\":\"https:\/\/inovarmudancas.com.br\/index.php\/dicas\/#breadcrumb\",\"itemListElement\":[{\"@type\":\"ListItem\",\"position\":1,\"item\":{\"@type\":\"WebPage\",\"@id\":\"https:\/\/inovarmudancas.com.br\/\",\"url\":\"https:\/\/inovarmudancas.com.br\/\",\"name\":\"In\\u00edcio\"}},{\"@type\":\"ListItem\",\"position\":2,\"item\":{\"@type\":\"WebPage\",\"@id\":\"https:\/\/inovarmudancas.com.br\/index.php\/dicas\/\",\"url\":\"https:\/\/inovarmudancas.com.br\/index.php\/dicas\/\",\"name\":\"Dicas\"}}]}]}<\/script>\n<!-- \/ Yoast SEO plugin. -->","uagb_featured_image_src":{"full":["https:\/\/inovarmudancas.com.br\/wp-content\/uploads\/2021\/04\/Inovar-Mudancas-9.jpg",626,939,false],"thumbnail":["https:\/\/inovarmudancas.com.br\/wp-content\/uploads\/2021\/04\/Inovar-Mudancas-9-150x150.jpg",150,150,true],"medium":["https:\/\/inovarmudancas.com.br\/wp-content\/uploads\/2021\/04\/Inovar-Mudancas-9-200x300.jpg",200,300,true],"medium_large":["https:\/\/inovarmudancas.com.br\/wp-content\/uploads\/2021\/04\/Inovar-Mudancas-9.jpg",626,939,false],"large":["https:\/\/inovarmudancas.com.br\/wp-content\/uploads\/2021\/04\/Inovar-Mudancas-9.jpg",626,939,false],"1536x1536":["https:\/\/inovarmudancas.com.br\/wp-content\/uploads\/2021\/04\/Inovar-Mudancas-9.jpg",626,939,false],"2048x2048":["https:\/\/inovarmudancas.com.br\/wp-content\/uploads\/2021\/04\/Inovar-Mudancas-9.jpg",626,939,false],"woocommerce_thumbnail":["https:\/\/inovarmudancas.com.br\/wp-content\/uploads\/2021\/04\/Inovar-Mudancas-9-300x300.jpg",300,300,true],"woocommerce_single":["https:\/\/inovarmudancas.com.br\/wp-content\/uploads\/2021\/04\/Inovar-Mudancas-9-600x900.jpg",600,900,true],"woocommerce_gallery_thumbnail":["https:\/\/inovarmudancas.com.br\/wp-content\/uploads\/2021\/04\/Inovar-Mudancas-9-100x100.jpg",100,100,true],"shop_catalog":["https:\/\/inovarmudancas.com.br\/wp-content\/uploads\/2021\/04\/Inovar-Mudancas-9-300x300.jpg",300,300,true],"shop_single":["https:\/\/inovarmudancas.com.br\/wp-content\/uploads\/2021\/04\/Inovar-Mudancas-9.jpg",600,900,false],"shop_thumbnail":["https:\/\/inovarmudancas.com.br\/wp-content\/uploads\/2021\/04\/Inovar-Mudancas-9-100x100.jpg",100,100,true]},"uagb_author_info":{"display_name":"Mudan\u00e7as em Sorocaba Inovar","author_link":"https:\/\/inovarmudancas.com.br\/index.php\/author\/mudancasrei\/"},"uagb_comment_info":0,"uagb_excerpt":"Dicas Algumas Dicas Para Auxiliar em Sua Mudan\u00e7a Primeiramente procure por empresa de profissionais que j\u00e1 fizeram servi\u00e7os parecidos com o que voc\u00ea precisa. Ao pedir o or\u00e7amento, o principal aten\u00e7\u00e3o \u00e9 dar o supremo de detalhes poss\u00edvel sobre a sua imprescind\u00edvel. Voc\u00ea deve indicar a quantidade e volume de carga que deseja transportar com&hellip;","_links":{"self":[{"href":"https:\/\/inovarmudancas.com.br\/index.php\/wp-json\/wp\/v2\/pages\/1179"}],"collection":[{"href":"https:\/\/inovarmudancas.com.br\/index.php\/wp-json\/wp\/v2\/pages"}],"about":[{"href":"https:\/\/inovarmudancas.com.br\/index.php\/wp-json\/wp\/v2\/types\/page"}],"author":[{"embeddable":true,"href":"https:\/\/inovarmudancas.com.br\/index.php\/wp-json\/wp\/v2\/users\/1"}],"replies":[{"embeddable":true,"href":"https:\/\/inovarmudancas.com.br\/index.php\/wp-json\/wp\/v2\/comments?post=1179"}],"version-history":[{"count":13,"href":"https:\/\/inovarmudancas.com.br\/index.php\/wp-json\/wp\/v2\/pages\/1179\/revisions"}],"predecessor-version":[{"id":1373,"href":"https:\/\/inovarmudancas.com.br\/index.php\/wp-json\/wp\/v2\/pages\/1179\/revisions\/1373"}],"wp:featuredmedia":[{"embeddable":true,"href":"https:\/\/inovarmudancas.com.br\/index.php\/wp-json\/wp\/v2\/media\/1266"}],"wp:attachment":[{"href":"https:\/\/inovarmudancas.com.br\/index.php\/wp-json\/wp\/v2\/media?parent=1179"}],"curies":[{"name":"wp","href":"https:\/\/api.w.org\/{rel}","templated":true}]}}