{"id":890,"date":"2021-02-04T04:54:36","date_gmt":"2021-02-04T04:54:36","guid":{"rendered":"https:\/\/inovarmudancas.com.br\/index.php\/blog\/"},"modified":"2021-04-17T14:30:59","modified_gmt":"2021-04-17T17:30:59","slug":"blog","status":"publish","type":"page","link":"https:\/\/inovarmudancas.com.br\/index.php\/blog\/","title":{"rendered":"Blog"},"content":{"rendered":"\t\t<div data-elementor-type=\"wp-page\" data-elementor-id=\"890\" class=\"elementor elementor-890\" data-elementor-settings=\"[]\">\n\t\t\t\t\t\t\t<div class=\"elementor-section-wrap\">\n\t\t\t\t\t\t\t<section class=\"elementor-section elementor-top-section elementor-element elementor-element-46a79103 elementor-section-boxed elementor-section-height-default elementor-section-height-default\" data-id=\"46a79103\" data-element_type=\"section\">\n\t\t\t\t\t\t<div class=\"elementor-container elementor-column-gap-default\">\n\t\t\t\t\t<div class=\"elementor-column elementor-col-100 elementor-top-column elementor-element elementor-element-5a5f807e\" data-id=\"5a5f807e\" data-element_type=\"column\">\n\t\t\t<div class=\"elementor-widget-wrap elementor-element-populated\">\n\t\t\t\t\t\t\t\t<div class=\"elementor-element elementor-element-4bb3d8bb elementor-widget elementor-widget-text-editor\" data-id=\"4bb3d8bb\" data-element_type=\"widget\" data-widget_type=\"text-editor.default\">\n\t\t\t\t<div class=\"elementor-widget-container\">\n\t\t\t\t\t<div class=\"elementor-text-editor elementor-clearfix\"><p><!-- wp:uagb\/columns {\"block_id\":\"52c6f1ac\",\"classMigrate\":true,\"columns\":3,\"topPadding\":200,\"bottomPadding\":104,\"leftPadding\":40,\"rightPadding\":40,\"topPaddingTablet\":120,\"bottomPaddingTablet\":80,\"leftPaddingTablet\":30,\"rightPaddingTablet\":30,\"topPaddingMobile\":100,\"bottomPaddingMobile\":80,\"leftPaddingMobile\":20,\"rightPaddingMobile\":20,\"backgroundType\":\"image\",\"backgroundImage\":{\"id\":894,\"title\":\"digital-marketing-coach-template-blog-post-img-1\",\"filename\":\"digital-marketing-coach-template-blog-post-img-1.jpg\",\"url\":\"https:\/\/inovarmudancas.com.br\/wp-content\/uploads\/2021\/02\/digital-marketing-coach-template-blog-post-img-1-1.jpg\",\"link\":\"https:\/\/inovarmudancas.com.br\/porttitor-quam-dolor\/digital-marketing-coach-template-blog-post-img-1\/\",\"alt\":\"\",\"author\":\"153\",\"description\":\"\",\"caption\":\"\",\"name\":\"digital-marketing-coach-template-blog-post-img-1\",\"status\":\"inherit\",\"uploadedTo\":892,\"date\":\"2021-02-04T04:59:01.000Z\",\"modified\":\"2021-02-04T04:59:01.000Z\",\"menuOrder\":0,\"mime\":\"image\/jpeg\",\"type\":\"image\",\"subtype\":\"jpeg\",\"icon\":\"https:\/\/inovarmudancas.com.br\/wp-content\/uploads\/2021\/04\/default-1.png\",\"dateFormatted\":\"February 4, 2021\",\"nonces\":{\"update\":\"812a4cf77b\",\"delete\":\"5a42516401\",\"edit\":\"36c9b4015a\"},\"editLink\":\"https:\/\/inovarmudancas.com.br\/wp-admin\/post.php?post=894u0026action=edit\",\"meta\":false,\"authorName\":\"akbarh\",\"authorLink\":\"https:\/\/inovarmudancas.com.br\/wp-admin\/user-edit.php?user_id=153\",\"uploadedToTitle\":\"Porttitor quam dolor\",\"uploadedToLink\":\"https:\/\/inovarmudancas.com.br\/wp-admin\/post.php?post=892u0026action=edit\",\"filesizeInBytes\":78760,\"filesizeHumanReadable\":\"77 KB\",\"context\":\"\",\"height\":720,\"width\":1080,\"orientation\":\"landscape\",\"sizes\":{\"thumbnail\":{\"height\":150,\"width\":150,\"url\":\"https:\/\/websitedemos.net\/learn-digital-marketing-02\/wp-content\/uploads\/sites\/767\/2021\/02\/digital-marketing-coach-template-blog-post-img-1-150x150.jpg\",\"orientation\":\"landscape\"},\"medium\":{\"height\":200,\"width\":300,\"url\":\"https:\/\/websitedemos.net\/learn-digital-marketing-02\/wp-content\/uploads\/sites\/767\/2021\/02\/digital-marketing-coach-template-blog-post-img-1-300x200.jpg\",\"orientation\":\"landscape\"},\"large\":{\"height\":683,\"width\":1024,\"url\":\"https:\/\/websitedemos.net\/learn-digital-marketing-02\/wp-content\/uploads\/sites\/767\/2021\/02\/digital-marketing-coach-template-blog-post-img-1-1024x683.jpg\",\"orientation\":\"landscape\"},\"full\":{\"url\":\"https:\/\/inovarmudancas.com.br\/wp-content\/uploads\/2021\/02\/digital-marketing-coach-template-blog-post-img-1-1.jpg\",\"height\":720,\"width\":1080,\"orientation\":\"landscape\"}},\"compat\":{\"item\":\"\",\"meta\":\"\"}},\"backgroundOpacity\":80,\"backgroundImageColor\":\"#1b1f29\"} --><\/p>\n<section class=\"wp-block-uagb-columns uagb-columns__wrap uagb-columns__background-image uagb-columns__stack-mobile uagb-columns__valign-undefined uagb-columns__gap-10 alignundefined uagb-block-52c6f1ac\">\n<div class=\"uagb-columns__overlay\"><\/div>\n<div class=\"uagb-columns__inner-wrap uagb-columns__columns-3\"><p><!-- wp:uagb\/column {\"block_id\":\"caa77c1d\",\"classMigrate\":true,\"colWidth\":33.33} --><\/p>\n<div class=\"wp-block-uagb-column uagb-column__wrap uagb-column__background-undefined uagb-block-caa77c1d\">\n<div class=\"uagb-column__overlay\"><\/div>\n<div class=\"uagb-column__inner-wrap\"><\/div>\n<\/div>\n<p><!-- \/wp:uagb\/column --><\/p>\n<p><!-- wp:uagb\/column {\"block_id\":\"891c9a8f\",\"classMigrate\":true,\"colWidth\":33.33} --><\/p>\n<div class=\"wp-block-uagb-column uagb-column__wrap uagb-column__background-undefined uagb-block-891c9a8f\">\n<div class=\"uagb-column__overlay\"><\/div>\n<div class=\"uagb-column__inner-wrap\"><p><!-- wp:heading {\"textAlign\":\"center\",\"level\":1,\"textColor\":\"white\"} --><\/p>\n<h1 class=\"has-text-align-center has-white-color has-text-color\">Blog<\/h1>\n<p><!-- \/wp:heading --><\/p><\/div>\n<\/div>\n<p><!-- \/wp:uagb\/column --><\/p>\n<p><!-- wp:uagb\/column {\"block_id\":\"ef35da36\",\"classMigrate\":true,\"colWidth\":33.33} --><\/p>\n<div class=\"wp-block-uagb-column uagb-column__wrap uagb-column__background-undefined uagb-block-ef35da36\">\n<div class=\"uagb-column__overlay\"><\/div>\n<div class=\"uagb-column__inner-wrap\"><\/div>\n<\/div>\n<p><!-- \/wp:uagb\/column --><\/p><\/div>\n<\/section>\n<p><!-- \/wp:uagb\/columns --><\/p>\n<p><!-- wp:uagb\/columns {\"block_id\":\"f974cac9\",\"classMigrate\":true,\"columns\":1,\"topPadding\":104,\"bottomPadding\":104,\"leftPadding\":40,\"rightPadding\":40,\"topPaddingTablet\":80,\"bottomPaddingTablet\":80,\"leftPaddingTablet\":30,\"rightPaddingTablet\":30,\"topPaddingMobile\":60,\"bottomPaddingMobile\":40,\"leftPaddingMobile\":20,\"rightPaddingMobile\":20,\"backgroundType\":\"color\",\"backgroundColor\":\"#f9fbff\"} --><\/p>\n<section class=\"wp-block-uagb-columns uagb-columns__wrap uagb-columns__background-color uagb-columns__stack-mobile uagb-columns__valign-undefined uagb-columns__gap-10 alignundefined uagb-block-f974cac9\">\n<div class=\"uagb-columns__overlay\"><br><\/div><div class=\"uagb-columns__inner-wrap uagb-columns__columns-1\"><div class=\"wp-block-uagb-column uagb-column__wrap uagb-column__background-undefined uagb-block-07172303\"><div class=\"uagb-column__inner-wrap\">\n<p><!-- \/wp:heading --><\/p><\/div>\n<\/div>\n<p><!-- \/wp:uagb\/column --><\/p><\/div>\n<\/section>\n<p><!-- \/wp:uagb\/columns --><\/p>\n<p><!-- wp:uagb\/section {\"classMigrate\":true,\"block_id\":\"affb2c8d\",\"topPadding\":130,\"bottomPadding\":100,\"topPaddingTablet\":80,\"bottomPaddingTablet\":80,\"leftPaddingTablet\":30,\"rightPaddingTablet\":30,\"topPaddingMobile\":80,\"bottomPaddingMobile\":50,\"leftPaddingMobile\":20,\"rightPaddingMobile\":20,\"contentWidth\":\"full_width\",\"width\":1200,\"backgroundType\":\"color\",\"backgroundColor\":\"#eeeeee\",\"backgroundOpacity\":40} --><\/p>\n<section class=\"wp-block-uagb-section uagb-section__wrap uagb-section__background-color uagb-block-affb2c8d\">\n<div class=\"uagb-section__overlay\"><\/div>\n<div class=\"uagb-section__inner-wrap\"><!-- wp:uagb\/post-grid {\"block_id\":\"4699a2f0\",\"postsToShow\":3,\"excerptLength\":11,\"displayPostAuthor\":false,\"displayPostLink\":false,\"bgColor\":\"#ffffff\",\"titleTag\":\"h4\",\"paginationMarkup\":\"empty\"} \/--><\/div>\n<\/section>\n<p><!-- \/wp:uagb\/section --><\/p><\/div>\n\t\t\t\t<\/div>\n\t\t\t\t<\/div>\n\t\t\t\t<div class=\"elementor-element elementor-element-437a217 elementor-widget elementor-widget-wp-widget-recent-posts\" data-id=\"437a217\" data-element_type=\"widget\" data-widget_type=\"wp-widget-recent-posts.default\">\n\t\t\t\t<div class=\"elementor-widget-container\">\n\t\t\t\n\t\t\n\t\t<h5>Dicas e Noticias<\/h5><nav role=\"navigation\" aria-label=\"Dicas e Noticias\">\n\t\t<ul>\n\t\t\t\t\t\t\t\t\t\t\t<li>\n\t\t\t\t\t<a href=\"https:\/\/inovarmudancas.com.br\/index.php\/2021\/09\/23\/cuidados-a-serem-tomados-ao-contratar-o-transporte-de-mudancas\/\">Cuidados a serem tomados ao contratar o transporte de mudan\u00e7as<\/a>\n\t\t\t\t\t\t\t\t\t<\/li>\n\t\t\t\t\t\t\t\t\t\t\t<li>\n\t\t\t\t\t<a href=\"https:\/\/inovarmudancas.com.br\/index.php\/2021\/08\/05\/como-encontrar-sua-empresa-de-mudancas-em-sorocaba\/\">Como encontrar sua empresa de mudan\u00e7as em Sorocaba<\/a>\n\t\t\t\t\t\t\t\t\t<\/li>\n\t\t\t\t\t\t\t\t\t\t\t<li>\n\t\t\t\t\t<a href=\"https:\/\/inovarmudancas.com.br\/index.php\/2021\/06\/24\/mudancas-em-sorocaba-como-realizar-sua-mudanca-com-muita-qualidade\/\">Mudan\u00e7as em Sorocaba: como realizar sua mudan\u00e7a com muita qualidade<\/a>\n\t\t\t\t\t\t\t\t\t<\/li>\n\t\t\t\t\t\t\t\t\t\t\t<li>\n\t\t\t\t\t<a href=\"https:\/\/inovarmudancas.com.br\/index.php\/2021\/06\/17\/como-fazer-sua-mudancas-em-sorocaba-com-qualidade\/\">Como Fazer sua mudan\u00e7as em sorocaba com qualidade<\/a>\n\t\t\t\t\t\t\t\t\t<\/li>\n\t\t\t\t\t\t\t\t\t\t\t<li>\n\t\t\t\t\t<a href=\"https:\/\/inovarmudancas.com.br\/index.php\/2021\/05\/12\/empresa-de-mudancas-sorocaba-especializada\/\">Empresa de mudan\u00e7as em Sorocaba especializada<\/a>\n\t\t\t\t\t\t\t\t\t<\/li>\n\t\t\t\t\t\t\t\t\t\t\t<li>\n\t\t\t\t\t<a href=\"https:\/\/inovarmudancas.com.br\/index.php\/2021\/04\/18\/mudancas-comercial-como-organizar\/\">Mudan\u00e7as Comercial como Organizar?<\/a>\n\t\t\t\t\t\t\t\t\t<\/li>\n\t\t\t\t\t\t\t\t\t\t\t<li>\n\t\t\t\t\t<a href=\"https:\/\/inovarmudancas.com.br\/index.php\/2021\/04\/16\/dicas-de-como-fazer-sua-mudanca-com-tranquilidade\/\">Dicas de Como fazer sua Mudan\u00e7a com Tranquilidade<\/a>\n\t\t\t\t\t\t\t\t\t<\/li>\n\t\t\t\t\t<\/ul>\n\n\t\t<\/nav>\t\t<\/div>\n\t\t\t\t<\/div>\n\t\t\t\t\t<\/div>\n\t\t<\/div>\n\t\t\t\t\t\t\t<\/div>\n\t\t<\/section>\n\t\t\t\t\t\t<\/div>\n\t\t\t\t\t<\/div>\n\t\t","protected":false},"excerpt":{"rendered":"","protected":false},"author":1,"featured_media":1287,"parent":0,"menu_order":0,"comment_status":"closed","ping_status":"closed","template":"","meta":{"om_disable_all_campaigns":false,"_monsterinsights_skip_tracking":false,"_monsterinsights_sitenote_active":false,"_monsterinsights_sitenote_note":"","_monsterinsights_sitenote_category":0},"yoast_head":"<!-- This site is optimized with the Yoast SEO plugin v16.1.1 - https:\/\/yoast.com\/wordpress\/plugins\/seo\/ -->\n<title>Blog - Inovar Mudan\u00e7as Sorocaba<\/title>\n<meta name=\"description\" content=\"Algumas dicas sobre mudan\u00e7as que ir\u00e3o te auxiliar muito praticas para facilitar sua vida Inovar Mudan\u00e7as Sorocaba\" \/>\n<link rel=\"canonical\" href=\"https:\/\/inovarmudancas.com.br\/index.php\/blog\/\" \/>\n<meta property=\"og:locale\" content=\"en_US\" \/>\n<meta property=\"og:type\" content=\"article\" \/>\n<meta property=\"og:title\" content=\"Blog - Inovar Mudan\u00e7as Sorocaba\" \/>\n<meta property=\"og:description\" content=\"Algumas dicas sobre mudan\u00e7as que ir\u00e3o te auxiliar muito praticas para facilitar sua vida Inovar Mudan\u00e7as Sorocaba\" \/>\n<meta property=\"og:url\" content=\"https:\/\/inovarmudancas.com.br\/index.php\/blog\/\" \/>\n<meta property=\"og:site_name\" content=\"Inovar Mudan\u00e7as Sorocaba\" \/>\n<meta property=\"article:modified_time\" content=\"2021-04-17T17:30:59+00:00\" \/>\n<meta property=\"og:image\" content=\"https:\/\/inovarmudancas.com.br\/wp-content\/uploads\/2021\/04\/Inovar-Mudancas-2.jpg\" \/>\n\t<meta property=\"og:image:width\" content=\"1040\" \/>\n\t<meta property=\"og:image:height\" content=\"693\" \/>\n<meta name=\"twitter:card\" content=\"summary_large_image\" \/>\n<meta name=\"twitter:label1\" content=\"Est. reading time\">\n\t<meta name=\"twitter:data1\" content=\"1 minute\">\n<script type=\"application\/ld+json\" class=\"yoast-schema-graph\">{\"@context\":\"https:\/\/schema.org\",\"@graph\":[{\"@type\":\"WebSite\",\"@id\":\"https:\/\/inovarmudancas.com.br\/#website\",\"url\":\"https:\/\/inovarmudancas.com.br\/\",\"name\":\"Inovar Mudan\\u00e7as Sorocaba\",\"description\":\"S\\u00f3 mais um site WordPress\",\"potentialAction\":[{\"@type\":\"SearchAction\",\"target\":\"https:\/\/inovarmudancas.com.br\/?s={search_term_string}\",\"query-input\":\"required name=search_term_string\"}],\"inLanguage\":\"en-US\"},{\"@type\":\"ImageObject\",\"@id\":\"https:\/\/inovarmudancas.com.br\/index.php\/blog\/#primaryimage\",\"inLanguage\":\"en-US\",\"url\":\"https:\/\/inovarmudancas.com.br\/wp-content\/uploads\/2021\/04\/Inovar-Mudancas-2.jpg\",\"contentUrl\":\"https:\/\/inovarmudancas.com.br\/wp-content\/uploads\/2021\/04\/Inovar-Mudancas-2.jpg\",\"width\":1040,\"height\":693,\"caption\":\"Happy mom dad with kid daughter embracing smiling relaxing on couch after relocation move in new home concept, young parents hugging child girl sitting on sofa unpacking boxes, family moving day\"},{\"@type\":\"WebPage\",\"@id\":\"https:\/\/inovarmudancas.com.br\/index.php\/blog\/#webpage\",\"url\":\"https:\/\/inovarmudancas.com.br\/index.php\/blog\/\",\"name\":\"Blog - Inovar Mudan\\u00e7as Sorocaba\",\"isPartOf\":{\"@id\":\"https:\/\/inovarmudancas.com.br\/#website\"},\"primaryImageOfPage\":{\"@id\":\"https:\/\/inovarmudancas.com.br\/index.php\/blog\/#primaryimage\"},\"datePublished\":\"2021-02-04T04:54:36+00:00\",\"dateModified\":\"2021-04-17T17:30:59+00:00\",\"description\":\"Algumas dicas sobre mudan\\u00e7as que ir\\u00e3o te auxiliar muito praticas para facilitar sua vida Inovar Mudan\\u00e7as Sorocaba\",\"breadcrumb\":{\"@id\":\"https:\/\/inovarmudancas.com.br\/index.php\/blog\/#breadcrumb\"},\"inLanguage\":\"en-US\",\"potentialAction\":[{\"@type\":\"ReadAction\",\"target\":[\"https:\/\/inovarmudancas.com.br\/index.php\/blog\/\"]}]},{\"@type\":\"BreadcrumbList\",\"@id\":\"https:\/\/inovarmudancas.com.br\/index.php\/blog\/#breadcrumb\",\"itemListElement\":[{\"@type\":\"ListItem\",\"position\":1,\"item\":{\"@type\":\"WebPage\",\"@id\":\"https:\/\/inovarmudancas.com.br\/\",\"url\":\"https:\/\/inovarmudancas.com.br\/\",\"name\":\"In\\u00edcio\"}},{\"@type\":\"ListItem\",\"position\":2,\"item\":{\"@type\":\"WebPage\",\"@id\":\"https:\/\/inovarmudancas.com.br\/index.php\/blog\/\",\"url\":\"https:\/\/inovarmudancas.com.br\/index.php\/blog\/\",\"name\":\"Blog\"}}]}]}<\/script>\n<!-- \/ Yoast SEO plugin. -->","uagb_featured_image_src":{"full":["https:\/\/inovarmudancas.com.br\/wp-content\/uploads\/2021\/04\/Inovar-Mudancas-2.jpg",1040,693,false],"thumbnail":["https:\/\/inovarmudancas.com.br\/wp-content\/uploads\/2021\/04\/Inovar-Mudancas-2-150x150.jpg",150,150,true],"medium":["https:\/\/inovarmudancas.com.br\/wp-content\/uploads\/2021\/04\/Inovar-Mudancas-2-300x200.jpg",300,200,true],"medium_large":["https:\/\/inovarmudancas.com.br\/wp-content\/uploads\/2021\/04\/Inovar-Mudancas-2-768x512.jpg",768,512,true],"large":["https:\/\/inovarmudancas.com.br\/wp-content\/uploads\/2021\/04\/Inovar-Mudancas-2-1024x682.jpg",1024,682,true],"1536x1536":["https:\/\/inovarmudancas.com.br\/wp-content\/uploads\/2021\/04\/Inovar-Mudancas-2.jpg",1040,693,false],"2048x2048":["https:\/\/inovarmudancas.com.br\/wp-content\/uploads\/2021\/04\/Inovar-Mudancas-2.jpg",1040,693,false],"woocommerce_thumbnail":["https:\/\/inovarmudancas.com.br\/wp-content\/uploads\/2021\/04\/Inovar-Mudancas-2-300x300.jpg",300,300,true],"woocommerce_single":["https:\/\/inovarmudancas.com.br\/wp-content\/uploads\/2021\/04\/Inovar-Mudancas-2-600x400.jpg",600,400,true],"woocommerce_gallery_thumbnail":["https:\/\/inovarmudancas.com.br\/wp-content\/uploads\/2021\/04\/Inovar-Mudancas-2-100x100.jpg",100,100,true],"shop_catalog":["https:\/\/inovarmudancas.com.br\/wp-content\/uploads\/2021\/04\/Inovar-Mudancas-2-300x300.jpg",300,300,true],"shop_single":["https:\/\/inovarmudancas.com.br\/wp-content\/uploads\/2021\/04\/Inovar-Mudancas-2.jpg",600,400,false],"shop_thumbnail":["https:\/\/inovarmudancas.com.br\/wp-content\/uploads\/2021\/04\/Inovar-Mudancas-2-100x100.jpg",100,100,true]},"uagb_author_info":{"display_name":"Mudan\u00e7as em Sorocaba Inovar","author_link":"https:\/\/inovarmudancas.com.br\/index.php\/author\/mudancasrei\/"},"uagb_comment_info":0,"uagb_excerpt":null,"_links":{"self":[{"href":"https:\/\/inovarmudancas.com.br\/index.php\/wp-json\/wp\/v2\/pages\/890"}],"collection":[{"href":"https:\/\/inovarmudancas.com.br\/index.php\/wp-json\/wp\/v2\/pages"}],"about":[{"href":"https:\/\/inovarmudancas.com.br\/index.php\/wp-json\/wp\/v2\/types\/page"}],"author":[{"embeddable":true,"href":"https:\/\/inovarmudancas.com.br\/index.php\/wp-json\/wp\/v2\/users\/1"}],"replies":[{"embeddable":true,"href":"https:\/\/inovarmudancas.com.br\/index.php\/wp-json\/wp\/v2\/comments?post=890"}],"version-history":[{"count":6,"href":"https:\/\/inovarmudancas.com.br\/index.php\/wp-json\/wp\/v2\/pages\/890\/revisions"}],"predecessor-version":[{"id":1380,"href":"https:\/\/inovarmudancas.com.br\/index.php\/wp-json\/wp\/v2\/pages\/890\/revisions\/1380"}],"wp:featuredmedia":[{"embeddable":true,"href":"https:\/\/inovarmudancas.com.br\/index.php\/wp-json\/wp\/v2\/media\/1287"}],"wp:attachment":[{"href":"https:\/\/inovarmudancas.com.br\/index.php\/wp-json\/wp\/v2\/media?parent=890"}],"curies":[{"name":"wp","href":"https:\/\/api.w.org\/{rel}","templated":true}]}}